{"id":24460,"date":"2021-05-27T07:07:56","date_gmt":"2021-05-27T04:07:56","guid":{"rendered":"https:\/\/fluentess.se\/villkor\/"},"modified":"2023-07-14T22:48:55","modified_gmt":"2023-07-14T19:48:55","slug":"villkor","status":"publish","type":"page","link":"https:\/\/fluentess.se\/sv\/villkor\/","title":{"rendered":"K\u00f6pvillkor"},"content":{"rendered":"\n<p>Vi tillhandah\u00e5ller denna webbplats\/tj\u00e4nst, alla eventuella kurser och andra relaterade sidor f\u00f6r att den ska kunna anv\u00e4ndas av v\u00e5ra kunder, leverant\u00f6rer, studenter och andra anv\u00e4ndare efter godk\u00e4nnande av dessa villkor. L\u00e4s villkoren noga innan du anv\u00e4nder webbplatsen\/tj\u00e4nsten.<\/p>\n\n\n\n<p><strong>F\u00f6retagsinformation<\/strong><br>F\u00f6r k\u00f6p som sker p\u00e5 denna webbplats ansvarar Fluentess \/ Pysselpandan AB, Lektor Anderssons Gata 6, SE-30269 Halmstad SWEDEN med Organisationsnummer 559141-8560. F\u00f6r information om hur vi hanterar personuppgifter enligt GDPR se avsnittet i slutet av sidan.<\/p>\n\n\n\n<p><strong>Priser<br><\/strong>Alla priser anges i svenska kronor och inneh\u00e5ller merv\u00e4rdesskatt och \u00f6vriga avgifter.&nbsp;Totalkostnaden f\u00f6r k\u00f6pet kommer att framkomma tydligt innan slutlig best\u00e4llning och kommer att inkludera samtliga kostnader f\u00f6renade med k\u00f6pet, inklusive eventuella porto- och fraktkostnader.<\/p>\n\n\n\n<p><strong>Anv\u00e4ndarvillkor<\/strong><br>Denna tj\u00e4nst ger dig som anv\u00e4ndare m\u00f6jlighet att streama, l\u00e4sa och titta p\u00e5 kurser som f\u00f6r stunden finns tillg\u00e4ngliga via tj\u00e4nsten. Genom att betala f\u00f6r en kurs accepterar du att bli bunden av dessa och nedanst\u00e5ende villkor.&nbsp;<\/p>\n\n\n\n<p>Ditt konto \u00e4r personligt och f\u00e5r inte delas med andra. Du f\u00f6rbinder dig att inte, vare sig helt eller delvis, kopiera inneh\u00e5ll fr\u00e5n kurser eller annat inneh\u00e5ll i tj\u00e4nsten. Du f\u00e5r inte modifiera, reproducera, dela eller distribuera kursmaterialet. Du m\u00e5ste h\u00e5lla kursmaterialet konfidentiellt och inte s\u00e4lja, l\u00e5na ut, ge bort eller p\u00e5 annat s\u00e4tt avsl\u00f6ja materialet eller dess inneh\u00e5ll f\u00f6r n\u00e5gon annan. Att bryta mot dessa villkor inneb\u00e4r att du omedelbart mister \u00e5tkomst till webbplatsen\/tj\u00e4nsten och att du kan g\u00f6ra dig skyldig till upphovsr\u00e4ttsbrott. Du ansvarar f\u00f6r att material inte sprids vidare till andra. Du svarar sj\u00e4lv f\u00f6r all skada som orsakas av att du gett n\u00e5gon annan tillg\u00e5ng till tj\u00e4nsten via ditt anv\u00e4ndarkonto.&nbsp;<\/p>\n\n\n\n<p>Du har inte r\u00e4tt att till annan \u00f6verl\u00e5ta dina r\u00e4ttigheter och eventuella skyldigheter enligt dessa anv\u00e4ndarvillkor, varken helt eller delvis.&nbsp;<\/p>\n\n\n\n<p>Vi tillhandah\u00e5ller \u00e5tkomst till webbplatsen\/tj\u00e4nsten i befintligt skick. Du \u00e4r inf\u00f6rst\u00e5dd med att inneh\u00e5ll och utbud av kurser och annat i tj\u00e4nsten, inklusive dess funktioner, kan \u00e4ndras n\u00e4r som helst utan f\u00f6rvarning. Kurser och kursutbudet b\u00e5de kommer och kan uppdateras och f\u00f6r\u00e4ndras l\u00f6pande.<\/p>\n\n\n\n<p>F\u00f6r att acceptera anv\u00e4ndarvillkoren m\u00e5ste du vara 18 \u00e5r eller \u00e4ldre.&nbsp;<\/p>\n\n\n\n<p><strong>Immaterialr\u00e4tt och Upphovsr\u00e4tt<\/strong><br>Allt material som tillhandah\u00e5lls genom tj\u00e4nsten \u00e4gs av oss, alternativt av v\u00e5ra inneh\u00e5llsleverant\u00f6rer. Allt material skyddas av upphovsr\u00e4tt. Kurser som k\u00f6ps via tj\u00e4nsten ger dig en icke-exklusiv, icke-\u00f6verl\u00e5tbar, begr\u00e4nsad licens till kursen som g\u00e4ller tills kursen \u00e4r avslutad om inget annat s\u00e4rskilt anges. Att du betalat f\u00f6r en licens inneb\u00e4r inte att \u00e4gander\u00e4tten eller andra r\u00e4ttigheter till inneh\u00e5llet \u00f6verl\u00e5ts till dig eller n\u00e5gon annan.\u00a0<\/p>\n\n\n\n<p><\/p>\n\n\n\n<p><strong>\u00c5ngerr\u00e4tt<\/strong><br>Detta avtal omfattas av distansavtalslagen (SFS 2005:59).. Du har d\u00e4rmed r\u00e4tt att fr\u00e5ntr\u00e4da detta avtal inom 14 dagar fr\u00e5n den dag d\u00e5 avtalet tr\u00e4ffades. F\u00f6r att utnyttja \u00e5ngerr\u00e4tten m\u00e5ste vi kontaktas skriftligen innan \u00e5ngerfristens utg\u00e5ng. Observera att \u00e5ngerr\u00e4tten \u00e4r begr\u00e4nsad. Om du loggat in p\u00e5 tj\u00e4nsten och p\u00e5 n\u00e5got vis tagit del av materialet eller p\u00e5b\u00f6rjat kursen s\u00e5 samtycker du att vi p\u00e5b\u00f6rjat fullg\u00f6randet av tj\u00e4nsten, \u00e4ven om inte \u00e5ngerfristen skulle ha l\u00f6pt ut. Detta inneb\u00e4r att du samtyckt till att tj\u00e4nsterna har fullgjorts och att det d\u00e4rmed inte finns n\u00e5gon \u00e5ngerr\u00e4tt.&nbsp;<\/p>\n\n\n\n<p>I \u00f6vrigt tillhandah\u00e5ller vi inga returer, \u00e5terk\u00f6p eller \u00e5ngerr\u00e4tt f\u00f6r digitala nedladdningsbara produkter. F\u00f6retag som best\u00e4ller fr\u00e5n oss lyder under k\u00f6plagen och har ingen \u00e5ngerr\u00e4tt.<\/p>\n\n\n\n<p>Allt material p\u00e5 denna webbplats\/tj\u00e4nst \u00e4r upphovsr\u00e4ttsligt skyddat. Ej auktoriserat anv\u00e4ndande av materialet kan inneb\u00e4ra ett upphovsr\u00e4ttsbrott.<\/p>\n\n\n\n<p><strong>Personuppgifter och GDPR<br><\/strong>Vi behandlar persondata i enlighet med GDPR. I samband med ditt k\u00f6p godk\u00e4nner du att vi lagrar och hanterar dina personuppgifter. Vi lagrar de uppgifter som \u00e4r n\u00f6dv\u00e4ndiga f\u00f6r att fullf\u00f6lja avtalet gentemot dig och f\u00f6r att kunna bedriva v\u00e5r verksamhet. Du har enligt GDPR r\u00e4tt att f\u00e5 tillg\u00e5ng till den information som vi har registrerat om dig. Om de uppgifter som vi lagrar om dig \u00e4r irrelevanta, felaktiga eller ofullst\u00e4ndiga kan du beg\u00e4ra att informationen ska r\u00e4ttas, begr\u00e4nsas eller tas bort, vilket vi g\u00f6r i den m\u00e5n det \u00e4r m\u00f6jligt enligt g\u00e4llande lag (som t.ex. bokf\u00f6ringslagen). L\u00e4s mer i v\u00e5r integritetspolicy <a href=\"https:\/\/fluentess.se\/sv\/privacy-policy\/\" data-type=\"page\" data-id=\"26985\">h\u00e4r<\/a>.<\/p>\n\n\n\n<p><strong>L\u00e4nkar<\/strong><br>Nedan f\u00f6ljer l\u00e4nkar till Konsumentverket och ARN d\u00e4r du kan l\u00e4sa mer detaljerat om konsumentk\u00f6plagen och distansavtalslagen mm.&nbsp;<br><a href=\"https:\/\/www.konsumentverket.se\/\">Konsumentverket<\/a><br><a href=\"https:\/\/www.arn.se\/\">ARN<\/a><\/p>\n\n\n\n<p>Som konsument kan du \u00e4ven v\u00e4nda dig till EU f\u00f6r att f\u00e5 hj\u00e4lp med konfliktl\u00f6sning n\u00e4r du handlat p\u00e5 n\u00e4tet.<br>L\u00e4nk:&nbsp;<a href=\"https:\/\/ec.europa.eu\/odr\" data-type=\"URL\" target=\"_blank\" rel=\"noreferrer noopener\">ec.europa.eu\/odr<\/a><\/p>\n\n\n\n<p>D\u00e5 kommer du till:<br>&#8221;European&nbsp;Commission&nbsp;official website. The <strong>Online Dispute Resolution<\/strong> website is an official website managed by the European Commission dedicated to helping consumers and traders resolve their disputes out-of-court.&#8221;<\/p>\n","protected":false},"excerpt":{"rendered":"<p>Vi tillhandah\u00e5ller denna webbplats\/tj\u00e4nst, alla eventuella kurser och andra relaterade sidor f\u00f6r att den ska kunna anv\u00e4ndas av v\u00e5ra kunder, leverant\u00f6rer, studenter och andra anv\u00e4ndare efter godk\u00e4nnande av dessa villkor. L\u00e4s villkoren noga innan du anv\u00e4nder webbplatsen\/tj\u00e4nsten. F\u00f6retagsinformationF\u00f6r k\u00f6p som &hellip; <\/p>\n","protected":false},"author":1,"featured_media":0,"parent":0,"menu_order":0,"comment_status":"closed","ping_status":"closed","template":"","meta":{"footnotes":""},"class_list":["post-24460","page","type-page","status-publish","hentry"],"aioseo_notices":[],"_links":{"self":[{"href":"https:\/\/fluentess.se\/sv\/wp-json\/wp\/v2\/pages\/24460","targetHints":{"allow":["GET"]}}],"collection":[{"href":"https:\/\/fluentess.se\/sv\/wp-json\/wp\/v2\/pages"}],"about":[{"href":"https:\/\/fluentess.se\/sv\/wp-json\/wp\/v2\/types\/page"}],"author":[{"embeddable":true,"href":"https:\/\/fluentess.se\/sv\/wp-json\/wp\/v2\/users\/1"}],"replies":[{"embeddable":true,"href":"https:\/\/fluentess.se\/sv\/wp-json\/wp\/v2\/comments?post=24460"}],"version-history":[{"count":0,"href":"https:\/\/fluentess.se\/sv\/wp-json\/wp\/v2\/pages\/24460\/revisions"}],"wp:attachment":[{"href":"https:\/\/fluentess.se\/sv\/wp-json\/wp\/v2\/media?parent=24460"}],"curies":[{"name":"wp","href":"https:\/\/api.w.org\/{rel}","templated":true}]}}